{"id":143,"date":"2025-06-19T10:18:38","date_gmt":"2025-06-19T08:18:38","guid":{"rendered":"https:\/\/usage.footingvertical.com\/?page_id=143"},"modified":"2026-04-02T11:47:46","modified_gmt":"2026-04-02T09:47:46","slug":"accueil","status":"publish","type":"page","link":"https:\/\/usage.footingvertical.com\/en\/","title":{"rendered":"Home"},"content":{"rendered":"\t\t<div data-elementor-type=\"wp-page\" data-elementor-id=\"143\" class=\"elementor elementor-143\" data-elementor-post-type=\"page\">\n\t\t\t\t<div class=\"elementor-element elementor-element-b26a4ca e-flex e-con-boxed e-con e-parent\" data-id=\"b26a4ca\" data-element_type=\"container\" data-e-type=\"container\" data-settings=\"{&quot;background_background&quot;:&quot;slideshow&quot;,&quot;background_slideshow_gallery&quot;:[{&quot;id&quot;:828,&quot;url&quot;:&quot;https:\\\/\\\/usage.footingvertical.com\\\/wp-content\\\/uploads\\\/2026\\\/02\\\/2.webp&quot;},{&quot;id&quot;:827,&quot;url&quot;:&quot;https:\\\/\\\/usage.footingvertical.com\\\/wp-content\\\/uploads\\\/2026\\\/02\\\/1.webp&quot;}],&quot;background_slideshow_lazyload&quot;:&quot;yes&quot;,&quot;background_slideshow_ken_burns&quot;:&quot;yes&quot;,&quot;background_slideshow_loop&quot;:&quot;yes&quot;,&quot;background_slideshow_slide_duration&quot;:5000,&quot;background_slideshow_slide_transition&quot;:&quot;fade&quot;,&quot;background_slideshow_transition_duration&quot;:500,&quot;background_slideshow_ken_burns_zoom_direction&quot;:&quot;in&quot;}\">\n\t\t\t\t\t<div class=\"e-con-inner\">\n\t\t\t\t<div class=\"elementor-element elementor-element-bf17890 elementor-widget elementor-widget-heading\" data-id=\"bf17890\" data-element_type=\"widget\" data-e-type=\"widget\" data-widget_type=\"heading.default\">\n\t\t\t\t<div class=\"elementor-widget-container\">\n\t\t\t\t\t<h2 class=\"elementor-heading-title elementor-size-default\">USE OF THE CAMI MOTORIZED BELAY<\/h2>\t\t\t\t<\/div>\n\t\t\t\t<\/div>\n\t\t\t\t<div class=\"elementor-element elementor-element-e09f4ec elementor-align-left elementor-button-warning elementor-invisible elementor-widget elementor-widget-button\" data-id=\"e09f4ec\" data-element_type=\"widget\" data-e-type=\"widget\" data-settings=\"{&quot;_animation&quot;:&quot;fadeInUp&quot;}\" data-widget_type=\"button.default\">\n\t\t\t\t<div class=\"elementor-widget-container\">\n\t\t\t\t\t\t\t\t\t<div class=\"elementor-button-wrapper\">\n\t\t\t\t\t<a class=\"elementor-button elementor-button-link elementor-size-sm elementor-animation-float\" href=\"#produits\">\n\t\t\t\t\t\t<span class=\"elementor-button-content-wrapper\">\n\t\t\t\t\t\t<span class=\"elementor-button-icon\">\n\t\t\t\t<svg aria-hidden=\"true\" class=\"e-font-icon-svg e-fas-arrow-down\" viewBox=\"0 0 448 512\" xmlns=\"http:\/\/www.w3.org\/2000\/svg\"><path d=\"M413.1 222.5l22.2 22.2c9.4 9.4 9.4 24.6 0 33.9L241 473c-9.4 9.4-24.6 9.4-33.9 0L12.7 278.6c-9.4-9.4-9.4-24.6 0-33.9l22.2-22.2c9.5-9.5 25-9.3 34.3.4L184 343.4V56c0-13.3 10.7-24 24-24h32c13.3 0 24 10.7 24 24v287.4l114.8-120.5c9.3-9.8 24.8-10 34.3-.4z\"><\/path><\/svg>\t\t\t<\/span>\n\t\t\t\t\t\t\t\t\t<span class=\"elementor-button-text\">OUR PRODUCTS<\/span>\n\t\t\t\t\t<\/span>\n\t\t\t\t\t<\/a>\n\t\t\t\t<\/div>\n\t\t\t\t\t\t\t\t<\/div>\n\t\t\t\t<\/div>\n\t\t\t\t\t<\/div>\n\t\t\t\t<\/div>\n\t\t<div class=\"elementor-element elementor-element-802c59b e-flex e-con-boxed e-con e-parent\" data-id=\"802c59b\" data-element_type=\"container\" data-e-type=\"container\" id=\"produits\" data-settings=\"{&quot;background_background&quot;:&quot;classic&quot;}\">\n\t\t\t\t\t<div class=\"e-con-inner\">\n\t\t<div class=\"elementor-element elementor-element-1bb809f e-con-full animated-slow e-flex elementor-invisible e-con e-child\" data-id=\"1bb809f\" data-element_type=\"container\" data-e-type=\"container\" data-settings=\"{&quot;background_background&quot;:&quot;classic&quot;,&quot;animation&quot;:&quot;zoomIn&quot;}\">\n\t\t\t\t<div class=\"elementor-element elementor-element-a6ead34 elementor-widget elementor-widget-image\" data-id=\"a6ead34\" data-element_type=\"widget\" data-e-type=\"widget\" data-widget_type=\"image.default\">\n\t\t\t\t<div class=\"elementor-widget-container\">\n\t\t\t\t\t\t\t\t\t\t\t\t\t\t\t<img fetchpriority=\"high\" decoding=\"async\" width=\"1200\" height=\"1200\" src=\"https:\/\/usage.footingvertical.com\/wp-content\/uploads\/2026\/02\/vert-final-copie-b.webp\" class=\"attachment-full size-full wp-image-549\" alt=\"\" srcset=\"https:\/\/usage.footingvertical.com\/wp-content\/uploads\/2026\/02\/vert-final-copie-b.webp 1200w, https:\/\/usage.footingvertical.com\/wp-content\/uploads\/2026\/02\/vert-final-copie-b-300x300.webp 300w, https:\/\/usage.footingvertical.com\/wp-content\/uploads\/2026\/02\/vert-final-copie-b-1024x1024.webp 1024w, https:\/\/usage.footingvertical.com\/wp-content\/uploads\/2026\/02\/vert-final-copie-b-150x150.webp 150w, https:\/\/usage.footingvertical.com\/wp-content\/uploads\/2026\/02\/vert-final-copie-b-768x768.webp 768w\" sizes=\"(max-width: 1200px) 100vw, 1200px\" \/>\t\t\t\t\t\t\t\t\t\t\t\t\t\t\t<\/div>\n\t\t\t\t<\/div>\n\t\t\t\t<div class=\"elementor-element elementor-element-114cb4f elementor-widget elementor-widget-heading\" data-id=\"114cb4f\" data-element_type=\"widget\" data-e-type=\"widget\" data-widget_type=\"heading.default\">\n\t\t\t\t<div class=\"elementor-widget-container\">\n\t\t\t\t\t<h2 class=\"elementor-heading-title elementor-size-default\">the BASS<\/h2>\t\t\t\t<\/div>\n\t\t\t\t<\/div>\n\t\t\t\t<div class=\"elementor-element elementor-element-106b70c elementor-widget__width-initial elementor-widget elementor-widget-text-editor\" data-id=\"106b70c\" data-element_type=\"widget\" data-e-type=\"widget\" data-widget_type=\"text-editor.default\">\n\t\t\t\t<div class=\"elementor-widget-container\">\n\t\t\t\t\t\t\t\t\t<p>The BASS is a smart device that detects and triggers an alarm when a person starts climbing without being attached to the auto-belay.<\/p><p>This gives climbing gyms peace of mind by preventing accidents that are unfortunately still too common today and whose financial consequences for gyms are very high.<\/p>\t\t\t\t\t\t\t\t<\/div>\n\t\t\t\t<\/div>\n\t\t\t\t<div class=\"elementor-element elementor-element-9da346f elementor-align-left elementor-button-warning elementor-mobile-align-center elementor-invisible elementor-widget elementor-widget-button\" data-id=\"9da346f\" data-element_type=\"widget\" data-e-type=\"widget\" data-settings=\"{&quot;_animation&quot;:&quot;fadeInUp&quot;}\" data-widget_type=\"button.default\">\n\t\t\t\t<div class=\"elementor-widget-container\">\n\t\t\t\t\t\t\t\t\t<div class=\"elementor-button-wrapper\">\n\t\t\t\t\t<a class=\"elementor-button elementor-button-link elementor-size-sm elementor-animation-float\" href=\"https:\/\/usage.footingvertical.com\/en\/bass\/\">\n\t\t\t\t\t\t<span class=\"elementor-button-content-wrapper\">\n\t\t\t\t\t\t<span class=\"elementor-button-icon\">\n\t\t\t\t<svg aria-hidden=\"true\" class=\"e-font-icon-svg e-fas-arrow-right\" viewBox=\"0 0 448 512\" xmlns=\"http:\/\/www.w3.org\/2000\/svg\"><path d=\"M190.5 66.9l22.2-22.2c9.4-9.4 24.6-9.4 33.9 0L441 239c9.4 9.4 9.4 24.6 0 33.9L246.6 467.3c-9.4 9.4-24.6 9.4-33.9 0l-22.2-22.2c-9.5-9.5-9.3-25 .4-34.3L311.4 296H24c-13.3 0-24-10.7-24-24v-32c0-13.3 10.7-24 24-24h287.4L190.9 101.2c-9.8-9.3-10-24.8-.4-34.3z\"><\/path><\/svg>\t\t\t<\/span>\n\t\t\t\t\t\t\t\t\t<span class=\"elementor-button-text\">LEARN MORE<\/span>\n\t\t\t\t\t<\/span>\n\t\t\t\t\t<\/a>\n\t\t\t\t<\/div>\n\t\t\t\t\t\t\t\t<\/div>\n\t\t\t\t<\/div>\n\t\t\t\t<\/div>\n\t\t<div class=\"elementor-element elementor-element-875fcef e-con-full animated-slow e-flex elementor-invisible e-con e-child\" data-id=\"875fcef\" data-element_type=\"container\" data-e-type=\"container\" data-settings=\"{&quot;background_background&quot;:&quot;classic&quot;,&quot;animation&quot;:&quot;zoomIn&quot;}\">\n\t\t\t\t<div class=\"elementor-element elementor-element-49b6638 elementor-widget elementor-widget-image\" data-id=\"49b6638\" data-element_type=\"widget\" data-e-type=\"widget\" data-widget_type=\"image.default\">\n\t\t\t\t<div class=\"elementor-widget-container\">\n\t\t\t\t\t\t\t\t\t\t\t\t\t\t\t<img decoding=\"async\" width=\"1536\" height=\"2560\" src=\"https:\/\/usage.footingvertical.com\/wp-content\/uploads\/2026\/01\/251114_CHAS_20-scaled.png\" class=\"attachment-full size-full wp-image-502\" alt=\"\" srcset=\"https:\/\/usage.footingvertical.com\/wp-content\/uploads\/2026\/01\/251114_CHAS_20-scaled.png 1536w, https:\/\/usage.footingvertical.com\/wp-content\/uploads\/2026\/01\/251114_CHAS_20-180x300.png 180w, https:\/\/usage.footingvertical.com\/wp-content\/uploads\/2026\/01\/251114_CHAS_20-614x1024.png 614w, https:\/\/usage.footingvertical.com\/wp-content\/uploads\/2026\/01\/251114_CHAS_20-768x1280.png 768w, https:\/\/usage.footingvertical.com\/wp-content\/uploads\/2026\/01\/251114_CHAS_20-922x1536.png 922w, https:\/\/usage.footingvertical.com\/wp-content\/uploads\/2026\/01\/251114_CHAS_20-1229x2048.png 1229w\" sizes=\"(max-width: 1536px) 100vw, 1536px\" \/>\t\t\t\t\t\t\t\t\t\t\t\t\t\t\t<\/div>\n\t\t\t\t<\/div>\n\t\t\t\t<div class=\"elementor-element elementor-element-3471654 elementor-widget elementor-widget-heading\" data-id=\"3471654\" data-element_type=\"widget\" data-e-type=\"widget\" data-widget_type=\"heading.default\">\n\t\t\t\t<div class=\"elementor-widget-container\">\n\t\t\t\t\t<h2 class=\"elementor-heading-title elementor-size-default\">THE CHAS &amp; THE SPREADER BAR<\/h2>\t\t\t\t<\/div>\n\t\t\t\t<\/div>\n\t\t\t\t<div class=\"elementor-element elementor-element-5a6ccee elementor-widget__width-initial elementor-widget elementor-widget-text-editor\" data-id=\"5a6ccee\" data-element_type=\"widget\" data-e-type=\"widget\" data-widget_type=\"text-editor.default\">\n\t\t\t\t<div class=\"elementor-widget-container\">\n\t\t\t\t\t\t\t\t\t<p>The CHAS is a harness adaptable to all sizes and all disabilities. The climber can attach it standing up or seated in their wheelchair.<\/p><p>It can support up to 160kg.<\/p>\t\t\t\t\t\t\t\t<\/div>\n\t\t\t\t<\/div>\n\t\t\t\t<div class=\"elementor-element elementor-element-83561bf elementor-align-left elementor-button-warning elementor-mobile-align-center elementor-invisible elementor-widget elementor-widget-button\" data-id=\"83561bf\" data-element_type=\"widget\" data-e-type=\"widget\" data-settings=\"{&quot;_animation&quot;:&quot;fadeInUp&quot;}\" data-widget_type=\"button.default\">\n\t\t\t\t<div class=\"elementor-widget-container\">\n\t\t\t\t\t\t\t\t\t<div class=\"elementor-button-wrapper\">\n\t\t\t\t\t<a class=\"elementor-button elementor-button-link elementor-size-sm elementor-animation-float\" href=\"https:\/\/usage.footingvertical.com\/en\/chas\/\">\n\t\t\t\t\t\t<span class=\"elementor-button-content-wrapper\">\n\t\t\t\t\t\t<span class=\"elementor-button-icon\">\n\t\t\t\t<svg aria-hidden=\"true\" class=\"e-font-icon-svg e-fas-arrow-right\" viewBox=\"0 0 448 512\" xmlns=\"http:\/\/www.w3.org\/2000\/svg\"><path d=\"M190.5 66.9l22.2-22.2c9.4-9.4 24.6-9.4 33.9 0L441 239c9.4 9.4 9.4 24.6 0 33.9L246.6 467.3c-9.4 9.4-24.6 9.4-33.9 0l-22.2-22.2c-9.5-9.5-9.3-25 .4-34.3L311.4 296H24c-13.3 0-24-10.7-24-24v-32c0-13.3 10.7-24 24-24h287.4L190.9 101.2c-9.8-9.3-10-24.8-.4-34.3z\"><\/path><\/svg>\t\t\t<\/span>\n\t\t\t\t\t\t\t\t\t<span class=\"elementor-button-text\">LEARN MORE<\/span>\n\t\t\t\t\t<\/span>\n\t\t\t\t\t<\/a>\n\t\t\t\t<\/div>\n\t\t\t\t\t\t\t\t<\/div>\n\t\t\t\t<\/div>\n\t\t\t\t<\/div>\n\t\t<div class=\"elementor-element elementor-element-2ebff58 e-con-full animated-slow e-flex elementor-invisible e-con e-child\" data-id=\"2ebff58\" data-element_type=\"container\" data-e-type=\"container\" data-settings=\"{&quot;background_background&quot;:&quot;classic&quot;,&quot;animation&quot;:&quot;zoomIn&quot;}\">\n\t\t\t\t<div class=\"elementor-element elementor-element-9f58978 elementor-widget elementor-widget-image\" data-id=\"9f58978\" data-element_type=\"widget\" data-e-type=\"widget\" data-widget_type=\"image.default\">\n\t\t\t\t<div class=\"elementor-widget-container\">\n\t\t\t\t\t\t\t\t\t\t\t\t\t\t\t<img decoding=\"async\" width=\"2500\" height=\"2083\" src=\"https:\/\/usage.footingvertical.com\/wp-content\/uploads\/2025\/06\/fv2b.webp\" class=\"attachment-full size-full wp-image-185\" alt=\"\" srcset=\"https:\/\/usage.footingvertical.com\/wp-content\/uploads\/2025\/06\/fv2b.webp 2500w, https:\/\/usage.footingvertical.com\/wp-content\/uploads\/2025\/06\/fv2b-300x250.webp 300w, https:\/\/usage.footingvertical.com\/wp-content\/uploads\/2025\/06\/fv2b-1024x853.webp 1024w, https:\/\/usage.footingvertical.com\/wp-content\/uploads\/2025\/06\/fv2b-768x640.webp 768w, https:\/\/usage.footingvertical.com\/wp-content\/uploads\/2025\/06\/fv2b-1536x1280.webp 1536w, https:\/\/usage.footingvertical.com\/wp-content\/uploads\/2025\/06\/fv2b-2048x1706.webp 2048w\" sizes=\"(max-width: 2500px) 100vw, 2500px\" \/>\t\t\t\t\t\t\t\t\t\t\t\t\t\t\t<\/div>\n\t\t\t\t<\/div>\n\t\t\t\t<div class=\"elementor-element elementor-element-e7b8186 elementor-widget elementor-widget-heading\" data-id=\"e7b8186\" data-element_type=\"widget\" data-e-type=\"widget\" data-widget_type=\"heading.default\">\n\t\t\t\t<div class=\"elementor-widget-container\">\n\t\t\t\t\t<h2 class=\"elementor-heading-title elementor-size-default\">THE CAMI<\/h2>\t\t\t\t<\/div>\n\t\t\t\t<\/div>\n\t\t\t\t<div class=\"elementor-element elementor-element-535e959 elementor-widget__width-initial elementor-widget elementor-widget-text-editor\" data-id=\"535e959\" data-element_type=\"widget\" data-e-type=\"widget\" data-widget_type=\"text-editor.default\">\n\t\t\t\t<div class=\"elementor-widget-container\">\n\t\t\t\t\t\t\t\t\t<p>The world&#8217;s first motorized belay device. It allows climbers to be assisted during their ascent in order to make climbing accessible to everyone: overweight people, seniors, and people with disabilities. This new climbing practice is called &#8220;Vertical Footing\u2122&#8221;<\/p>\t\t\t\t\t\t\t\t<\/div>\n\t\t\t\t<\/div>\n\t\t\t\t<div class=\"elementor-element elementor-element-c4dbb95 elementor-align-left elementor-button-warning elementor-mobile-align-center elementor-invisible elementor-widget elementor-widget-button\" data-id=\"c4dbb95\" data-element_type=\"widget\" data-e-type=\"widget\" data-settings=\"{&quot;_animation&quot;:&quot;fadeInUp&quot;}\" data-widget_type=\"button.default\">\n\t\t\t\t<div class=\"elementor-widget-container\">\n\t\t\t\t\t\t\t\t\t<div class=\"elementor-button-wrapper\">\n\t\t\t\t\t<a class=\"elementor-button elementor-button-link elementor-size-sm elementor-animation-float\" href=\"https:\/\/usage.footingvertical.com\/en\/cami\/\">\n\t\t\t\t\t\t<span class=\"elementor-button-content-wrapper\">\n\t\t\t\t\t\t<span class=\"elementor-button-icon\">\n\t\t\t\t<svg aria-hidden=\"true\" class=\"e-font-icon-svg e-fas-arrow-right\" viewBox=\"0 0 448 512\" xmlns=\"http:\/\/www.w3.org\/2000\/svg\"><path d=\"M190.5 66.9l22.2-22.2c9.4-9.4 24.6-9.4 33.9 0L441 239c9.4 9.4 9.4 24.6 0 33.9L246.6 467.3c-9.4 9.4-24.6 9.4-33.9 0l-22.2-22.2c-9.5-9.5-9.3-25 .4-34.3L311.4 296H24c-13.3 0-24-10.7-24-24v-32c0-13.3 10.7-24 24-24h287.4L190.9 101.2c-9.8-9.3-10-24.8-.4-34.3z\"><\/path><\/svg>\t\t\t<\/span>\n\t\t\t\t\t\t\t\t\t<span class=\"elementor-button-text\">LEARN MORE<\/span>\n\t\t\t\t\t<\/span>\n\t\t\t\t\t<\/a>\n\t\t\t\t<\/div>\n\t\t\t\t\t\t\t\t<\/div>\n\t\t\t\t<\/div>\n\t\t\t\t<\/div>\n\t\t<div class=\"elementor-element elementor-element-fb29b86 e-con-full animated-slow e-flex elementor-invisible e-con e-child\" data-id=\"fb29b86\" data-element_type=\"container\" data-e-type=\"container\" data-settings=\"{&quot;background_background&quot;:&quot;classic&quot;,&quot;animation&quot;:&quot;zoomIn&quot;}\">\n\t\t\t\t<div class=\"elementor-element elementor-element-04840e1 elementor-widget elementor-widget-image\" data-id=\"04840e1\" data-element_type=\"widget\" data-e-type=\"widget\" data-widget_type=\"image.default\">\n\t\t\t\t<div class=\"elementor-widget-container\">\n\t\t\t\t\t\t\t\t\t\t\t\t\t\t\t<img loading=\"lazy\" decoding=\"async\" width=\"1200\" height=\"1200\" src=\"https:\/\/usage.footingvertical.com\/wp-content\/uploads\/2026\/02\/livre-notice2-1.png\" class=\"attachment-full size-full wp-image-681\" alt=\"\" srcset=\"https:\/\/usage.footingvertical.com\/wp-content\/uploads\/2026\/02\/livre-notice2-1.png 1200w, https:\/\/usage.footingvertical.com\/wp-content\/uploads\/2026\/02\/livre-notice2-1-300x300.png 300w, https:\/\/usage.footingvertical.com\/wp-content\/uploads\/2026\/02\/livre-notice2-1-1024x1024.png 1024w, https:\/\/usage.footingvertical.com\/wp-content\/uploads\/2026\/02\/livre-notice2-1-150x150.png 150w, https:\/\/usage.footingvertical.com\/wp-content\/uploads\/2026\/02\/livre-notice2-1-768x768.png 768w\" sizes=\"(max-width: 1200px) 100vw, 1200px\" \/>\t\t\t\t\t\t\t\t\t\t\t\t\t\t\t<\/div>\n\t\t\t\t<\/div>\n\t\t\t\t<div class=\"elementor-element elementor-element-9d12f37 elementor-widget elementor-widget-heading\" data-id=\"9d12f37\" data-element_type=\"widget\" data-e-type=\"widget\" data-widget_type=\"heading.default\">\n\t\t\t\t<div class=\"elementor-widget-container\">\n\t\t\t\t\t<h2 class=\"elementor-heading-title elementor-size-default\">TUTORIALS &amp; SUPPORT CENTER<\/h2>\t\t\t\t<\/div>\n\t\t\t\t<\/div>\n\t\t\t\t<div class=\"elementor-element elementor-element-83f060d elementor-widget__width-initial elementor-widget elementor-widget-text-editor\" data-id=\"83f060d\" data-element_type=\"widget\" data-e-type=\"widget\" data-widget_type=\"text-editor.default\">\n\t\t\t\t<div class=\"elementor-widget-container\">\n\t\t\t\t\t\t\t\t\t<p>You own one of our products and need technical assistance? We have created more than fifteen short videos that will help you answer most of the technical questions you may have. And if you haven&#8217;t found the answer with these videos, you can directly contact our support center by submitting a ticket.<\/p>\t\t\t\t\t\t\t\t<\/div>\n\t\t\t\t<\/div>\n\t\t\t\t<div class=\"elementor-element elementor-element-3f36c7a elementor-align-left elementor-button-warning elementor-mobile-align-center elementor-invisible elementor-widget elementor-widget-button\" data-id=\"3f36c7a\" data-element_type=\"widget\" data-e-type=\"widget\" data-settings=\"{&quot;_animation&quot;:&quot;fadeInUp&quot;}\" data-widget_type=\"button.default\">\n\t\t\t\t<div class=\"elementor-widget-container\">\n\t\t\t\t\t\t\t\t\t<div class=\"elementor-button-wrapper\">\n\t\t\t\t\t<a class=\"elementor-button elementor-button-link elementor-size-sm elementor-animation-float\" href=\"https:\/\/usage.footingvertical.com\/en\/resources-centre\/\">\n\t\t\t\t\t\t<span class=\"elementor-button-content-wrapper\">\n\t\t\t\t\t\t<span class=\"elementor-button-icon\">\n\t\t\t\t<svg aria-hidden=\"true\" class=\"e-font-icon-svg e-fas-arrow-right\" viewBox=\"0 0 448 512\" xmlns=\"http:\/\/www.w3.org\/2000\/svg\"><path d=\"M190.5 66.9l22.2-22.2c9.4-9.4 24.6-9.4 33.9 0L441 239c9.4 9.4 9.4 24.6 0 33.9L246.6 467.3c-9.4 9.4-24.6 9.4-33.9 0l-22.2-22.2c-9.5-9.5-9.3-25 .4-34.3L311.4 296H24c-13.3 0-24-10.7-24-24v-32c0-13.3 10.7-24 24-24h287.4L190.9 101.2c-9.8-9.3-10-24.8-.4-34.3z\"><\/path><\/svg>\t\t\t<\/span>\n\t\t\t\t\t\t\t\t\t<span class=\"elementor-button-text\">LEARN MORE<\/span>\n\t\t\t\t\t<\/span>\n\t\t\t\t\t<\/a>\n\t\t\t\t<\/div>\n\t\t\t\t\t\t\t\t<\/div>\n\t\t\t\t<\/div>\n\t\t\t\t<\/div>\n\t\t\t\t\t<\/div>\n\t\t\t\t<\/div>\n\t\t\t\t<\/div>\n\t\t","protected":false},"excerpt":{"rendered":"<p>usage de l&#8217;enrouleur motoris\u00e9 cami nos produits le bass Le BASS est un boitier intelligent, qui d\u00e9tecte et d\u00e9clenche une alarme lorsqu\u2019une personne commence \u00e0 grimper sans s\u2019\u00eatre attach\u00e9e \u00e0 l\u2019enrouleur. Cela permet aux salles d\u2019avoir l\u2019esprit tranquille en \u00e9vitant des accidents qui sont aujourd\u2019hui encore malheureusement trop fr\u00e9quents et dont les cons\u00e9quences financi\u00e8res pour [&hellip;]<\/p>\n","protected":false},"author":1,"featured_media":0,"parent":0,"menu_order":0,"comment_status":"closed","ping_status":"closed","template":"","meta":{"inline_featured_image":false,"footnotes":""},"class_list":["post-143","page","type-page","status-publish","hentry"],"_links":{"self":[{"href":"https:\/\/usage.footingvertical.com\/en\/wp-json\/wp\/v2\/pages\/143","targetHints":{"allow":["GET"]}}],"collection":[{"href":"https:\/\/usage.footingvertical.com\/en\/wp-json\/wp\/v2\/pages"}],"about":[{"href":"https:\/\/usage.footingvertical.com\/en\/wp-json\/wp\/v2\/types\/page"}],"author":[{"embeddable":true,"href":"https:\/\/usage.footingvertical.com\/en\/wp-json\/wp\/v2\/users\/1"}],"replies":[{"embeddable":true,"href":"https:\/\/usage.footingvertical.com\/en\/wp-json\/wp\/v2\/comments?post=143"}],"version-history":[{"count":373,"href":"https:\/\/usage.footingvertical.com\/en\/wp-json\/wp\/v2\/pages\/143\/revisions"}],"predecessor-version":[{"id":1156,"href":"https:\/\/usage.footingvertical.com\/en\/wp-json\/wp\/v2\/pages\/143\/revisions\/1156"}],"wp:attachment":[{"href":"https:\/\/usage.footingvertical.com\/en\/wp-json\/wp\/v2\/media?parent=143"}],"curies":[{"name":"wp","href":"https:\/\/api.w.org\/{rel}","templated":true}]}}